{"id":1764,"date":"2021-11-07T15:47:04","date_gmt":"2021-11-07T12:47:04","guid":{"rendered":"https:\/\/www.melkutuambalaj.com\/tr\/?post_type=product&#038;p=1764"},"modified":"2021-11-07T15:49:08","modified_gmt":"2021-11-07T12:49:08","slug":"karton-canta","status":"publish","type":"product","link":"https:\/\/www.melkutuambalaj.com\/tr\/urun\/karton-canta\/","title":{"rendered":"Karton \u00c7anta"},"content":{"rendered":"<div class=\"col-md-12 col-xs-12\">\n<div class=\"a70\"><\/div>\n<\/div>\n<div class=\"col-md-12 col-xs-12\">\n<div class=\"a76\">Reklam ve pazarlama maliyetleri d\u00fc\u015f\u00fcn\u00fcld\u00fc\u011f\u00fcnde karton \u00e7anta, markan\u0131z\u0131n tan\u0131t\u0131m\u0131 i\u00e7in<br \/>\nen avantajl\u0131 se\u00e7enek olarak kar\u015f\u0131n\u0131za \u00e7\u0131k\u0131yor. Karton \u00e7anta, m\u00fc\u015fterilerin ald\u0131klar\u0131 \u00fcr\u00fcnleri ta\u015f\u0131malar\u0131n\u0131n \u00e7ok daha \u00f6tesinde bir hizmet sunuyor. Sa\u011flam ve \u015f\u0131k olu\u015flar\u0131 nedeniyle<br \/>\nuzun s\u00fcre elden ele kullan\u0131lmaya ve markan\u0131z\u0131n reklam\u0131n\u0131 yapmaya devam ediyor.<br \/>\nKarton \u00e7anta tasarlarken ve al\u0131rken sadece ambalaj de\u011fil ba\u015far\u0131l\u0131 bir pazarlama stratejisi de sipari\u015f vermi\u015f oluyorsunuz.<br \/>\nKarton po\u015fet ya da ka\u011f\u0131t \u00e7anta gibi s\u00f6ylemleri de olan karton \u00e7anta, dayan\u0131kl\u0131 ve prestijli bir \u00fcr\u00fcnd\u00fcr. Ayn\u0131 sekt\u00f6rde hizmet veren iki firma aras\u0131ndan, karton \u00e7anta ile \u00fcr\u00fcnlerini ambalajlayan marka her zaman m\u00fc\u015fterilerin ilk tercihidir. Bu f\u0131rsat\u0131 de\u011ferlendirip markan\u0131za elden ele gezen bir reklam olana\u011f\u0131 sunmak i\u00e7in her zaman hizmetinizdeyiz.<strong>\u2022 Amerikan Bristol veya Kraft<\/strong><br \/>\n<strong>\u2022 \u00c7ift taraf CMYK yada Yald\u0131z Bask\u0131<\/strong><br \/>\n<strong>\u2022 \u00d6l\u00e7\u00fclerimiz, En x K\u00f6r\u00fck x Boy \u015feklindedir.<\/strong><\/p>\n<\/div>\n<p><strong><span style=\"font-size: 14pt;\">Detaylar Sipari\u015fleriniz i\u00e7in Bize ula\u015f\u0131n\u0131z..<\/span><\/strong><\/p>\n<\/div>\n","protected":false},"excerpt":{"rendered":"<p>Karton po\u015fet ya da ka\u011f\u0131t \u00e7anta gibi s\u00f6ylemleri de olan karton \u00e7anta, dayan\u0131kl\u0131 ve prestijli bir \u00fcr\u00fcnd\u00fcr. Ayn\u0131 sekt\u00f6rde hizmet veren iki firma aras\u0131ndan, karton \u00e7anta ile \u00fcr\u00fcnlerini ambalajlayan marka her zaman m\u00fc\u015fterilerin ilk tercihidir.<\/p>\n","protected":false},"featured_media":1558,"comment_status":"open","ping_status":"closed","template":"","meta":[],"product_cat":[18,24],"product_tag":[29,27,28,26],"_links":{"self":[{"href":"https:\/\/www.melkutuambalaj.com\/tr\/wp-json\/wp\/v2\/product\/1764"}],"collection":[{"href":"https:\/\/www.melkutuambalaj.com\/tr\/wp-json\/wp\/v2\/product"}],"about":[{"href":"https:\/\/www.melkutuambalaj.com\/tr\/wp-json\/wp\/v2\/types\/product"}],"replies":[{"embeddable":true,"href":"https:\/\/www.melkutuambalaj.com\/tr\/wp-json\/wp\/v2\/comments?post=1764"}],"wp:featuredmedia":[{"embeddable":true,"href":"https:\/\/www.melkutuambalaj.com\/tr\/wp-json\/wp\/v2\/media\/1558"}],"wp:attachment":[{"href":"https:\/\/www.melkutuambalaj.com\/tr\/wp-json\/wp\/v2\/media?parent=1764"}],"wp:term":[{"taxonomy":"product_cat","embeddable":true,"href":"https:\/\/www.melkutuambalaj.com\/tr\/wp-json\/wp\/v2\/product_cat?post=1764"},{"taxonomy":"product_tag","embeddable":true,"href":"https:\/\/www.melkutuambalaj.com\/tr\/wp-json\/wp\/v2\/product_tag?post=1764"}],"curies":[{"name":"wp","href":"https:\/\/api.w.org\/{rel}","templated":true}]}}